{"id":10,"date":"2026-04-13T08:33:30","date_gmt":"2026-04-13T08:33:30","guid":{"rendered":"https:\/\/pompe-a-chaleur.corsica\/?page_id=10"},"modified":"2026-04-13T09:54:35","modified_gmt":"2026-04-13T09:54:35","slug":"prix-pompe-a-chaleur-en-corse-tarifs-2026-et-aides","status":"publish","type":"page","link":"https:\/\/pompe-a-chaleur.corsica\/?page_id=10","title":{"rendered":"Prix pompe \u00e0 chaleur en Corse : tarifs 2026 et aides"},"content":{"rendered":"\n<p><code>Prix d\u2019une pompe \u00e0 chaleur en Corse : combien \u00e7a co\u00fbte ?<\/code><\/p>\n\n\n\n<h3 class=\"wp-block-heading\">Prix selon les syst\u00e8mes<\/h3>\n\n\n\n<ul class=\"wp-block-list\">\n<li>PAC air\/air : 5 000 \u00e0 9 000 \u20ac<\/li>\n\n\n\n<li>PAC air\/eau : 10 000 \u00e0 16 000 \u20ac<\/li>\n\n\n\n<li>PAC avec plancher chauffant : jusqu\u2019\u00e0 20 000 \u20ac<\/li>\n<\/ul>\n\n\n\n<h3 class=\"wp-block-heading\">Ce qui fait varier le prix<\/h3>\n\n\n\n<ul class=\"wp-block-list\">\n<li>surface de la maison<\/li>\n\n\n\n<li>isolation<\/li>\n\n\n\n<li>type d\u2019\u00e9metteurs (radiateurs \/ plancher)<\/li>\n\n\n\n<li>complexit\u00e9 du chantier<\/li>\n<\/ul>\n\n\n\n<h3 class=\"wp-block-heading\">Les aides disponibles<\/h3>\n\n\n\n<ul class=\"wp-block-list\">\n<li>MaPrimeR\u00e9nov\u2019<\/li>\n\n\n\n<li>CEE<\/li>\n\n\n\n<li>aides locales en Corse<\/li>\n<\/ul>\n\n\n\n<h3 class=\"wp-block-heading\">Rentabilit\u00e9 en Corse<\/h3>\n\n\n\n<p>Avec le co\u00fbt de l\u2019\u00e9lectricit\u00e9, une PAC est souvent amortie en <strong>4 \u00e0 7 ans<\/strong><\/p>\n\n\n\n<p><strong>Demandez votre \u00e9tude gratuite<\/strong><\/p>\n\n\n\n<p><\/p>\n","protected":false},"excerpt":{"rendered":"<p>Prix d\u2019une pompe \u00e0 chaleur en Corse : combien \u00e7a co\u00fbte ? Prix selon les syst\u00e8mes Ce qui fait varier le prix Les aides disponibles Rentabilit\u00e9 en Corse Avec le co\u00fbt de l\u2019\u00e9lectricit\u00e9, une PAC est souvent amortie en 4 \u00e0 7 ans Demandez votre \u00e9tude gratuite<\/p>\n","protected":false},"author":1,"featured_media":0,"parent":0,"menu_order":0,"comment_status":"closed","ping_status":"closed","template":"","meta":{"footnotes":"[]"},"class_list":["post-10","page","type-page","status-publish","hentry"],"_links":{"self":[{"href":"https:\/\/pompe-a-chaleur.corsica\/index.php?rest_route=\/wp\/v2\/pages\/10","targetHints":{"allow":["GET"]}}],"collection":[{"href":"https:\/\/pompe-a-chaleur.corsica\/index.php?rest_route=\/wp\/v2\/pages"}],"about":[{"href":"https:\/\/pompe-a-chaleur.corsica\/index.php?rest_route=\/wp\/v2\/types\/page"}],"author":[{"embeddable":true,"href":"https:\/\/pompe-a-chaleur.corsica\/index.php?rest_route=\/wp\/v2\/users\/1"}],"replies":[{"embeddable":true,"href":"https:\/\/pompe-a-chaleur.corsica\/index.php?rest_route=%2Fwp%2Fv2%2Fcomments&post=10"}],"version-history":[{"count":3,"href":"https:\/\/pompe-a-chaleur.corsica\/index.php?rest_route=\/wp\/v2\/pages\/10\/revisions"}],"predecessor-version":[{"id":13,"href":"https:\/\/pompe-a-chaleur.corsica\/index.php?rest_route=\/wp\/v2\/pages\/10\/revisions\/13"}],"wp:attachment":[{"href":"https:\/\/pompe-a-chaleur.corsica\/index.php?rest_route=%2Fwp%2Fv2%2Fmedia&parent=10"}],"curies":[{"name":"wp","href":"https:\/\/api.w.org\/{rel}","templated":true}]}}